{"id":98,"date":"2022-05-19T17:16:32","date_gmt":"2022-05-19T17:16:32","guid":{"rendered":"https:\/\/kgv-kleefeld.de\/?page_id=98"},"modified":"2024-04-14T17:41:22","modified_gmt":"2024-04-14T15:41:22","slug":"impressum","status":"publish","type":"page","link":"https:\/\/kgv-kleefeld.de\/?page_id=98","title":{"rendered":"Impressum"},"content":{"rendered":"\n<p><strong>Kleing\u00e4rtnerverein Kleefeld e.V.<br><\/strong>Klaterfeldweg 21<\/p>\n\n\n\n<p>30625 Hannover<\/p>\n\n\n\n<p>Tel.: 0511 \/ 55 22 57<strong>\u00a0 I\u00a0<\/strong>\u00a0 Fax.: &#8212;<br>E-mail: <em>info[at]kgv-kleefeld.de<\/em><\/p>\n\n\n\n<p>Vertretungsberechtigt:<br>1. Vorsitzender Dr. Clemens Heidger &nbsp;<strong>I<\/strong>&nbsp; Amtsgericht Hannover &nbsp;<strong>&nbsp;I&nbsp;<\/strong> Vereinsregister VR 2328<\/p>\n\n\n\n<p>Gesch\u00e4ftszeiten:<br>2. Mittwoch im Monat, 18:00 bis 20:00 Uhr<\/p>\n\n\n\n<p>Trotz sorgf\u00e4ltiger inhaltlicher Kontrolle \u00fcbernehmen wir keine Haftung f\u00fcr die Inhalte externer Links. F\u00fcr den Inhalt der verlinkten Seiten sind ausschlie\u00dflich deren Betreiber verantwortlich.<br><br><strong>Alle Rechte vorbehalten<\/strong><br>Es ist insbesondere nicht gestattet, ohne ausdr\u00fcckliche Genehmigung des Bezirksverband Hannover der Kleing\u00e4rtner e.V. diese Ver\u00f6ffentlichung oder Teile daraus f\u00fcr gewerbliche Zwecke zu \u00fcbernehmen, zu \u00fcbersetzen, zu vervielf\u00e4ltigen oder in elektronische Systeme einzuspeichern oder in irgendeiner Weise zu ver\u00e4ndern.&nbsp;<\/p>\n\n\n\n<p><strong>Haftungsausschluss<\/strong><br>Alle Informationen und angebotenen Materialien (Vordrucke etc.) beruhen aus als zuverl\u00e4ssig erachteten Quelle. Der Bezirksverband Hannover der Kleing\u00e4rtner e. V. \u00fcbernimmt keine Gew\u00e4hr f\u00fcr Inhalt, Richtigkeit und Vollst\u00e4ndigkeit der Angaben und angebotenen Materialien.<br>F\u00fcr Informationen, die \u00fcber externe Querverweise (Hyperlinks) erreicht werden, wird ebenfalls ausdr\u00fccklich keine Gew\u00e4hr \u00fcbernommen.&nbsp;<strong>Bildnachweis<\/strong><br>F\u00fcr <strong>alle<\/strong> Abbildungen (Fotos, Zeichnungen, Pictogramme PDF-Dateien etc.) gilt: Eine weitere Nutzung, deren Vervielf\u00e4ltigung, Einspeisung in andere elektronische Systeme, Ver\u00e4nderung oder anderweitige Nutzung ist NICHT gestattet. &nbsp; &nbsp; &nbsp; &nbsp; &nbsp; &nbsp; &nbsp; &nbsp; &nbsp; &nbsp; &nbsp; &nbsp; &nbsp; &nbsp; &nbsp; &nbsp; &nbsp; &nbsp; &nbsp;<\/p>\n","protected":false},"excerpt":{"rendered":"<p>Kleing\u00e4rtnerverein Kleefeld e.V.Klaterfeldweg 21 30625 Hannover Tel.: 0511 \/ 55 22 57\u00a0 I\u00a0\u00a0 Fax.: &#8212;E-mail: info[at]kgv-kleefeld.de Vertretungsberechtigt:1. Vorsitzender Dr. Clemens Heidger &nbsp;I&nbsp; Amtsgericht Hannover &nbsp;&nbsp;I&nbsp; Vereinsregister VR 2328 Gesch\u00e4ftszeiten:2. Mittwoch im Monat, 18:00 bis 20:00 Uhr Trotz sorgf\u00e4ltiger inhaltlicher Kontrolle \u00fcbernehmen wir keine Haftung f\u00fcr&nbsp;<a class=\"read-more\" href=\"https:\/\/kgv-kleefeld.de\/?page_id=98\">&hellip;<\/a><\/p>\n","protected":false},"author":1,"featured_media":0,"parent":0,"menu_order":0,"comment_status":"closed","ping_status":"closed","template":"","meta":{"footnotes":""},"class_list":["post-98","page","type-page","status-publish","hentry"],"_links":{"self":[{"href":"https:\/\/kgv-kleefeld.de\/index.php?rest_route=\/wp\/v2\/pages\/98","targetHints":{"allow":["GET"]}}],"collection":[{"href":"https:\/\/kgv-kleefeld.de\/index.php?rest_route=\/wp\/v2\/pages"}],"about":[{"href":"https:\/\/kgv-kleefeld.de\/index.php?rest_route=\/wp\/v2\/types\/page"}],"author":[{"embeddable":true,"href":"https:\/\/kgv-kleefeld.de\/index.php?rest_route=\/wp\/v2\/users\/1"}],"replies":[{"embeddable":true,"href":"https:\/\/kgv-kleefeld.de\/index.php?rest_route=%2Fwp%2Fv2%2Fcomments&post=98"}],"version-history":[{"count":2,"href":"https:\/\/kgv-kleefeld.de\/index.php?rest_route=\/wp\/v2\/pages\/98\/revisions"}],"predecessor-version":[{"id":370,"href":"https:\/\/kgv-kleefeld.de\/index.php?rest_route=\/wp\/v2\/pages\/98\/revisions\/370"}],"wp:attachment":[{"href":"https:\/\/kgv-kleefeld.de\/index.php?rest_route=%2Fwp%2Fv2%2Fmedia&parent=98"}],"curies":[{"name":"wp","href":"https:\/\/api.w.org\/{rel}","templated":true}]}}