{"id":68,"date":"2022-05-17T19:50:10","date_gmt":"2022-05-17T19:50:10","guid":{"rendered":"https:\/\/kgv-kleefeld.de\/?page_id=68"},"modified":"2022-10-26T19:51:14","modified_gmt":"2022-10-26T17:51:14","slug":"garten-abgeben","status":"publish","type":"page","link":"https:\/\/kgv-kleefeld.de\/?page_id=68","title":{"rendered":"Garten abgeben"},"content":{"rendered":"\n<p>Sollten Sie Ihren Garten abgeben (k\u00fcndigen) wollen, brauchen wir von Ihnen eine schriftliche und unterschriebene K\u00fcndigung.<\/p>\n\n\n\n<p>Sobald die K\u00fcndigung dem Vorstand vorliegt, wird die Wertermittlung (Sch\u00e4tzung) Ihres Gartens in Auftrag gegeben. Hierf\u00fcr entstehen Kosten in H\u00f6he von 100 \u20ac, die Sie beim Termin direkt an den Sch\u00e4tzer bezahlen.<\/p>\n\n\n\n<p>Die fertige Sch\u00e4tzung erh\u00e4lt der Vorstand. Ihnen wird die Sch\u00e4tzung zugeschickt, ggfs. mit der Aufforderung bestehende M\u00e4ngel zu beseitigen.<\/p>\n\n\n\n<p>Sollten Sie schon einen Nachp\u00e4chter haben, geben Sie dessen Namen bitte in der K\u00fcndigung mit an. Ohne diesen Hinweis, wird der Vorstand den Garten anderen Bewerbern anbieten.<\/p>\n\n\n\n<p><strong>Bitte beachten Sie:<\/strong><\/p>\n\n\n\n<p>Damit Ihre K\u00fcndigung zum n\u00e4chsten 30.11. wirksam werden kann, muss Ihre K\u00fcndigung sp\u00e4testens am 3. Werktag im August dem Vorstand vorliegen. Sp\u00e4ter eingehende K\u00fcndigungen werden erst im Folgejahr wirksam.<\/p>\n","protected":false},"excerpt":{"rendered":"<p>Sollten Sie Ihren Garten abgeben (k\u00fcndigen) wollen, brauchen wir von Ihnen eine schriftliche und unterschriebene K\u00fcndigung. Sobald die K\u00fcndigung dem Vorstand vorliegt, wird die Wertermittlung (Sch\u00e4tzung) Ihres Gartens in Auftrag gegeben. Hierf\u00fcr entstehen Kosten in H\u00f6he von 100 \u20ac, die Sie beim Termin direkt an&nbsp;<a class=\"read-more\" href=\"https:\/\/kgv-kleefeld.de\/?page_id=68\">&hellip;<\/a><\/p>\n","protected":false},"author":1,"featured_media":0,"parent":15,"menu_order":0,"comment_status":"closed","ping_status":"closed","template":"","meta":{"footnotes":""},"class_list":["post-68","page","type-page","status-publish","hentry"],"_links":{"self":[{"href":"https:\/\/kgv-kleefeld.de\/index.php?rest_route=\/wp\/v2\/pages\/68","targetHints":{"allow":["GET"]}}],"collection":[{"href":"https:\/\/kgv-kleefeld.de\/index.php?rest_route=\/wp\/v2\/pages"}],"about":[{"href":"https:\/\/kgv-kleefeld.de\/index.php?rest_route=\/wp\/v2\/types\/page"}],"author":[{"embeddable":true,"href":"https:\/\/kgv-kleefeld.de\/index.php?rest_route=\/wp\/v2\/users\/1"}],"replies":[{"embeddable":true,"href":"https:\/\/kgv-kleefeld.de\/index.php?rest_route=%2Fwp%2Fv2%2Fcomments&post=68"}],"version-history":[{"count":2,"href":"https:\/\/kgv-kleefeld.de\/index.php?rest_route=\/wp\/v2\/pages\/68\/revisions"}],"predecessor-version":[{"id":256,"href":"https:\/\/kgv-kleefeld.de\/index.php?rest_route=\/wp\/v2\/pages\/68\/revisions\/256"}],"up":[{"embeddable":true,"href":"https:\/\/kgv-kleefeld.de\/index.php?rest_route=\/wp\/v2\/pages\/15"}],"wp:attachment":[{"href":"https:\/\/kgv-kleefeld.de\/index.php?rest_route=%2Fwp%2Fv2%2Fmedia&parent=68"}],"curies":[{"name":"wp","href":"https:\/\/api.w.org\/{rel}","templated":true}]}}