{"id":303,"date":"2023-01-25T20:09:13","date_gmt":"2023-01-25T19:09:13","guid":{"rendered":"https:\/\/kgv-kleefeld.de\/?page_id=303"},"modified":"2023-01-25T20:09:14","modified_gmt":"2023-01-25T19:09:14","slug":"geschichtliches","status":"publish","type":"page","link":"https:\/\/kgv-kleefeld.de\/?page_id=303","title":{"rendered":"Geschichtliches"},"content":{"rendered":"\n<p class=\"has-medium-font-size\">Der Kleing\u00e4rtnerverein Kleefeld e.V. besteht seit 1920.<\/p>\n\n\n\n<p class=\"has-medium-font-size\">Aktuell besteht der Verein aus 5 Kolonien mit 460 G\u00e4rten und geh\u00f6rt damit zu den gr\u00f6\u00dferen Kleing\u00e4rtnervereinen in Hannover.<\/p>\n","protected":false},"excerpt":{"rendered":"<p>Der Kleing\u00e4rtnerverein Kleefeld e.V. besteht seit 1920. Aktuell besteht der Verein aus 5 Kolonien mit 460 G\u00e4rten und geh\u00f6rt damit zu den gr\u00f6\u00dferen Kleing\u00e4rtnervereinen in Hannover.<\/p>\n","protected":false},"author":1,"featured_media":0,"parent":0,"menu_order":0,"comment_status":"closed","ping_status":"closed","template":"","meta":{"footnotes":""},"class_list":["post-303","page","type-page","status-publish","hentry"],"_links":{"self":[{"href":"https:\/\/kgv-kleefeld.de\/index.php?rest_route=\/wp\/v2\/pages\/303","targetHints":{"allow":["GET"]}}],"collection":[{"href":"https:\/\/kgv-kleefeld.de\/index.php?rest_route=\/wp\/v2\/pages"}],"about":[{"href":"https:\/\/kgv-kleefeld.de\/index.php?rest_route=\/wp\/v2\/types\/page"}],"author":[{"embeddable":true,"href":"https:\/\/kgv-kleefeld.de\/index.php?rest_route=\/wp\/v2\/users\/1"}],"replies":[{"embeddable":true,"href":"https:\/\/kgv-kleefeld.de\/index.php?rest_route=%2Fwp%2Fv2%2Fcomments&post=303"}],"version-history":[{"count":1,"href":"https:\/\/kgv-kleefeld.de\/index.php?rest_route=\/wp\/v2\/pages\/303\/revisions"}],"predecessor-version":[{"id":305,"href":"https:\/\/kgv-kleefeld.de\/index.php?rest_route=\/wp\/v2\/pages\/303\/revisions\/305"}],"wp:attachment":[{"href":"https:\/\/kgv-kleefeld.de\/index.php?rest_route=%2Fwp%2Fv2%2Fmedia&parent=303"}],"curies":[{"name":"wp","href":"https:\/\/api.w.org\/{rel}","templated":true}]}}