{"id":214,"date":"2022-05-22T21:18:34","date_gmt":"2022-05-22T21:18:34","guid":{"rendered":"https:\/\/kgv-kleefeld.de\/?page_id=214"},"modified":"2024-04-02T19:08:36","modified_gmt":"2024-04-02T17:08:36","slug":"gemeinschaftsarbeit","status":"publish","type":"page","link":"https:\/\/kgv-kleefeld.de\/?page_id=214","title":{"rendered":"Gemeinschaftsarbeit"},"content":{"rendered":"\n<p>Jede P\u00e4chterin\/ jeder P\u00e4chter ist verpflichtet 8 Stunden Gemeinschaftsarbeit im Jahr zu leisten. Die Gemeinschaftsarbeit findet in der Regel am 4. Samstag im Monat statt. Der Kolonieleiter\/ die Kolonieleiterin verteilt die zu erledigende Arbeit an die Anwesenden. <\/p>\n\n\n\n<p><strong>Ab M\u00e4rz 2023 ist die Gemeinschaftsarbeit in der Kolonie zu leisten, zu der der gepachtete Garten geh\u00f6rt. Die Gemeinschaftsarbeit darf nur in einer anderen Kolonie geleistet werden, wenn die beiden beteiligten Obleute zustimmen.&nbsp;&nbsp;&nbsp;&nbsp; <\/strong><\/p>\n\n\n\n<p>F\u00fcr nicht geleistete Gemeinschaftsarbeiststunden werden mit der n\u00e4chsten Pachtrechnung mit 25 \u20ac pro Stunde berechnet.<\/p>\n\n\n\n<p>Eine <strong>Befreiung von der Gemeinschaftsarbeit<\/strong> ist auf Antrag m\u00f6glich, wenn das Mitglied das 75. Lebensjahr vollendet hat oder eine K\u00f6rperbehinderung von mindestens 70% hat. Im Falle einer K\u00f6rperbehinderung ist der Nachweis durch Vorlage des Behindertenausweises erforderlich. Der Antrag ist schriftlich beim Vorstand zu stellen.<\/p>\n","protected":false},"excerpt":{"rendered":"<p>Jede P\u00e4chterin\/ jeder P\u00e4chter ist verpflichtet 8 Stunden Gemeinschaftsarbeit im Jahr zu leisten. Die Gemeinschaftsarbeit findet in der Regel am 4. Samstag im Monat statt. Der Kolonieleiter\/ die Kolonieleiterin verteilt die zu erledigende Arbeit an die Anwesenden. Ab M\u00e4rz 2023 ist die Gemeinschaftsarbeit in der&nbsp;<a class=\"read-more\" href=\"https:\/\/kgv-kleefeld.de\/?page_id=214\">&hellip;<\/a><\/p>\n","protected":false},"author":1,"featured_media":0,"parent":0,"menu_order":0,"comment_status":"closed","ping_status":"closed","template":"","meta":{"footnotes":""},"class_list":["post-214","page","type-page","status-publish","hentry"],"_links":{"self":[{"href":"https:\/\/kgv-kleefeld.de\/index.php?rest_route=\/wp\/v2\/pages\/214","targetHints":{"allow":["GET"]}}],"collection":[{"href":"https:\/\/kgv-kleefeld.de\/index.php?rest_route=\/wp\/v2\/pages"}],"about":[{"href":"https:\/\/kgv-kleefeld.de\/index.php?rest_route=\/wp\/v2\/types\/page"}],"author":[{"embeddable":true,"href":"https:\/\/kgv-kleefeld.de\/index.php?rest_route=\/wp\/v2\/users\/1"}],"replies":[{"embeddable":true,"href":"https:\/\/kgv-kleefeld.de\/index.php?rest_route=%2Fwp%2Fv2%2Fcomments&post=214"}],"version-history":[{"count":3,"href":"https:\/\/kgv-kleefeld.de\/index.php?rest_route=\/wp\/v2\/pages\/214\/revisions"}],"predecessor-version":[{"id":363,"href":"https:\/\/kgv-kleefeld.de\/index.php?rest_route=\/wp\/v2\/pages\/214\/revisions\/363"}],"wp:attachment":[{"href":"https:\/\/kgv-kleefeld.de\/index.php?rest_route=%2Fwp%2Fv2%2Fmedia&parent=214"}],"curies":[{"name":"wp","href":"https:\/\/api.w.org\/{rel}","templated":true}]}}