{"id":206,"date":"2022-05-22T20:54:47","date_gmt":"2022-05-22T20:54:47","guid":{"rendered":"https:\/\/kgv-kleefeld.de\/?page_id=206"},"modified":"2024-09-04T16:40:42","modified_gmt":"2024-09-04T14:40:42","slug":"satzung-gartenordnung-und-mehr","status":"publish","type":"page","link":"https:\/\/kgv-kleefeld.de\/?page_id=206","title":{"rendered":"Satzung, Gartenordnung und mehr"},"content":{"rendered":"\n<p>Hier finden Sie die Zusammenstellung der rechtlichen Grundlagen in unserem Kleing\u00e4rtnerverein. F\u00fcr alle Kleing\u00e4rtner bindend sind die Gartenordnung der Stadt Hannover, die Satzung des Vereins und das  Bundeskleingartengesetz.<\/p>\n\n\n\n<div data-wp-interactive=\"core\/file\" class=\"wp-block-file\"><object data-wp-bind--hidden=\"!state.hasPdfPreview\" hidden class=\"wp-block-file__embed\" data=\"https:\/\/kgv-kleefeld.de\/wp-content\/uploads\/2024\/09\/Satzung_10031995_gueltig.pdf\" type=\"application\/pdf\" style=\"width:100%;height:600px\" aria-label=\"Einbettung von Satzung_10031995_g\u00fcltig.\"><\/object><a id=\"wp-block-file--media-5d77a03d-bd50-4a38-9646-7b5dfa71937e\" href=\"https:\/\/kgv-kleefeld.de\/wp-content\/uploads\/2024\/09\/Satzung_10031995_gueltig.pdf\">Satzung_10031995_g\u00fcltig<\/a><a href=\"https:\/\/kgv-kleefeld.de\/wp-content\/uploads\/2024\/09\/Satzung_10031995_gueltig.pdf\" class=\"wp-block-file__button wp-element-button\" download aria-describedby=\"wp-block-file--media-5d77a03d-bd50-4a38-9646-7b5dfa71937e\">Herunterladen<\/a><\/div>\n\n\n\n<div data-wp-interactive=\"core\/file\" class=\"wp-block-file\"><object data-wp-bind--hidden=\"!state.hasPdfPreview\" hidden class=\"wp-block-file__embed\" data=\"https:\/\/kgv-kleefeld.de\/wp-content\/uploads\/2024\/09\/Gartenordnung-Deutsch-2024-1.pdf\" type=\"application\/pdf\" style=\"width:100%;height:600px\" aria-label=\"Einbettung von Gartenordnung Deutsch 2024.\"><\/object><a id=\"wp-block-file--media-655fc6c3-7674-4088-9a41-47b7092f30a8\" href=\"https:\/\/kgv-kleefeld.de\/wp-content\/uploads\/2024\/09\/Gartenordnung-Deutsch-2024-1.pdf\">Gartenordnung Deutsch 2024<\/a><a href=\"https:\/\/kgv-kleefeld.de\/wp-content\/uploads\/2024\/09\/Gartenordnung-Deutsch-2024-1.pdf\" class=\"wp-block-file__button wp-element-button\" download aria-describedby=\"wp-block-file--media-655fc6c3-7674-4088-9a41-47b7092f30a8\">Herunterladen<\/a><\/div>\n\n\n\n<div data-wp-interactive=\"core\/file\" class=\"wp-block-file\"><object data-wp-bind--hidden=\"!state.hasPdfPreview\" hidden class=\"wp-block-file__embed\" data=\"https:\/\/kgv-kleefeld.de\/wp-content\/uploads\/2022\/05\/Bundeskleingartengesetz.pdf\" type=\"application\/pdf\" style=\"width:100%;height:600px\" aria-label=\"Einbettung von Bundeskleingartengesetz.\"><\/object><a id=\"wp-block-file--media-3b5728db-562b-4aff-b4bb-9f48b3d3a4ac\" href=\"https:\/\/kgv-kleefeld.de\/wp-content\/uploads\/2022\/05\/Bundeskleingartengesetz.pdf\">Bundeskleingartengesetz<\/a><a href=\"https:\/\/kgv-kleefeld.de\/wp-content\/uploads\/2022\/05\/Bundeskleingartengesetz.pdf\" class=\"wp-block-file__button wp-element-button\" download aria-describedby=\"wp-block-file--media-3b5728db-562b-4aff-b4bb-9f48b3d3a4ac\">Herunterladen<\/a><\/div>\n\n\n\n<div data-wp-interactive=\"core\/file\" class=\"wp-block-file\"><object data-wp-bind--hidden=\"!state.hasPdfPreview\" hidden class=\"wp-block-file__embed\" data=\"https:\/\/kgv-kleefeld.de\/wp-content\/uploads\/2022\/05\/Gartenordnung-Russisch.pdf\" type=\"application\/pdf\" style=\"width:100%;height:600px\" aria-label=\"Einbettung von Gartenordnung-Russisch.\"><\/object><a id=\"wp-block-file--media-57857073-799d-4965-8b98-d907220c497f\" href=\"https:\/\/kgv-kleefeld.de\/wp-content\/uploads\/2022\/05\/Gartenordnung-Russisch.pdf\">Gartenordnung-Russisch<\/a><a href=\"https:\/\/kgv-kleefeld.de\/wp-content\/uploads\/2022\/05\/Gartenordnung-Russisch.pdf\" class=\"wp-block-file__button wp-element-button\" download aria-describedby=\"wp-block-file--media-57857073-799d-4965-8b98-d907220c497f\">Herunterladen<\/a><\/div>\n\n\n\n<div data-wp-interactive=\"core\/file\" class=\"wp-block-file\"><object data-wp-bind--hidden=\"!state.hasPdfPreview\" hidden class=\"wp-block-file__embed\" data=\"https:\/\/kgv-kleefeld.de\/wp-content\/uploads\/2022\/05\/Gartenordnung-Tuerkisch.pdf\" type=\"application\/pdf\" style=\"width:100%;height:600px\" aria-label=\"Einbettung von Gartenordnung-Tuerkisch.\"><\/object><a id=\"wp-block-file--media-0d6f8f32-3110-40d7-820b-9d992a0d4142\" href=\"https:\/\/kgv-kleefeld.de\/wp-content\/uploads\/2022\/05\/Gartenordnung-Tuerkisch.pdf\">Gartenordnung-Tuerkisch<\/a><a href=\"https:\/\/kgv-kleefeld.de\/wp-content\/uploads\/2022\/05\/Gartenordnung-Tuerkisch.pdf\" class=\"wp-block-file__button wp-element-button\" download aria-describedby=\"wp-block-file--media-0d6f8f32-3110-40d7-820b-9d992a0d4142\">Herunterladen<\/a><\/div>\n","protected":false},"excerpt":{"rendered":"<p>Hier finden Sie die Zusammenstellung der rechtlichen Grundlagen in unserem Kleing\u00e4rtnerverein. F\u00fcr alle Kleing\u00e4rtner bindend sind die Gartenordnung der Stadt Hannover, die Satzung des Vereins und das Bundeskleingartengesetz.<\/p>\n","protected":false},"author":1,"featured_media":0,"parent":0,"menu_order":0,"comment_status":"closed","ping_status":"closed","template":"","meta":{"footnotes":""},"class_list":["post-206","page","type-page","status-publish","hentry"],"_links":{"self":[{"href":"https:\/\/kgv-kleefeld.de\/index.php?rest_route=\/wp\/v2\/pages\/206","targetHints":{"allow":["GET"]}}],"collection":[{"href":"https:\/\/kgv-kleefeld.de\/index.php?rest_route=\/wp\/v2\/pages"}],"about":[{"href":"https:\/\/kgv-kleefeld.de\/index.php?rest_route=\/wp\/v2\/types\/page"}],"author":[{"embeddable":true,"href":"https:\/\/kgv-kleefeld.de\/index.php?rest_route=\/wp\/v2\/users\/1"}],"replies":[{"embeddable":true,"href":"https:\/\/kgv-kleefeld.de\/index.php?rest_route=%2Fwp%2Fv2%2Fcomments&post=206"}],"version-history":[{"count":3,"href":"https:\/\/kgv-kleefeld.de\/index.php?rest_route=\/wp\/v2\/pages\/206\/revisions"}],"predecessor-version":[{"id":393,"href":"https:\/\/kgv-kleefeld.de\/index.php?rest_route=\/wp\/v2\/pages\/206\/revisions\/393"}],"wp:attachment":[{"href":"https:\/\/kgv-kleefeld.de\/index.php?rest_route=%2Fwp%2Fv2%2Fmedia&parent=206"}],"curies":[{"name":"wp","href":"https:\/\/api.w.org\/{rel}","templated":true}]}}