{"id":184,"date":"2022-05-22T19:43:02","date_gmt":"2022-05-22T19:43:02","guid":{"rendered":"https:\/\/kgv-kleefeld.de\/?page_id=184"},"modified":"2022-06-04T21:23:20","modified_gmt":"2022-06-04T19:23:20","slug":"sigorta-cerceve-anlasma-hakkinda-bilgi","status":"publish","type":"page","link":"https:\/\/kgv-kleefeld.de\/?page_id=184","title":{"rendered":"Sigorta \u2013 \u00e7er\u00e7eve anla\u015fma hakk\u0131nda bilgi"},"content":{"rendered":"\n<p>Burada, y\u0131ll\u0131k kira faturas\u0131 ile \u00f6dedi\u011finiz tahsisli bah\u00e7enizin sigortas\u0131 hakk\u0131nda bilgi bulacaks\u0131n\u0131z.<\/p>\n\n\n\n<p>Hasar raporu yaln\u0131zca Almanca olarak mevcuttur. <a href=\"https:\/\/kgv-kleefeld.de\/?page_id=171\">Formu burada bulabilirsiniz<\/a>.<\/p>\n\n\n\n<div data-wp-interactive=\"core\/file\" class=\"wp-block-file\"><object data-wp-bind--hidden=\"!state.hasPdfPreview\" hidden class=\"wp-block-file__embed\" data=\"https:\/\/kgv-kleefeld.de\/wp-content\/uploads\/2022\/05\/MERKBLATT-tuerkisch.pdf\" type=\"application\/pdf\" style=\"width:100%;height:600px\" aria-label=\"Einbettung von Einbettung von MERKBLATT-tuerkisch..\"><\/object><a id=\"wp-block-file--media-33dd57ad-efc3-43ef-81e3-5fe70f87bb36\" href=\"https:\/\/kgv-kleefeld.de\/wp-content\/uploads\/2022\/05\/MERKBLATT-tuerkisch.pdf\">MERKBLATT-tuerkisch<\/a><a href=\"https:\/\/kgv-kleefeld.de\/wp-content\/uploads\/2022\/05\/MERKBLATT-tuerkisch.pdf\" class=\"wp-block-file__button\" download aria-describedby=\"wp-block-file--media-33dd57ad-efc3-43ef-81e3-5fe70f87bb36\">Herunterladen<\/a><\/div>\n","protected":false},"excerpt":{"rendered":"<p>Burada, y\u0131ll\u0131k kira faturas\u0131 ile \u00f6dedi\u011finiz tahsisli bah\u00e7enizin sigortas\u0131 hakk\u0131nda bilgi bulacaks\u0131n\u0131z. Hasar raporu yaln\u0131zca Almanca olarak mevcuttur. Formu burada bulabilirsiniz.<\/p>\n","protected":false},"author":1,"featured_media":0,"parent":0,"menu_order":0,"comment_status":"closed","ping_status":"closed","template":"","meta":{"footnotes":""},"class_list":["post-184","page","type-page","status-publish","hentry"],"_links":{"self":[{"href":"https:\/\/kgv-kleefeld.de\/index.php?rest_route=\/wp\/v2\/pages\/184","targetHints":{"allow":["GET"]}}],"collection":[{"href":"https:\/\/kgv-kleefeld.de\/index.php?rest_route=\/wp\/v2\/pages"}],"about":[{"href":"https:\/\/kgv-kleefeld.de\/index.php?rest_route=\/wp\/v2\/types\/page"}],"author":[{"embeddable":true,"href":"https:\/\/kgv-kleefeld.de\/index.php?rest_route=\/wp\/v2\/users\/1"}],"replies":[{"embeddable":true,"href":"https:\/\/kgv-kleefeld.de\/index.php?rest_route=%2Fwp%2Fv2%2Fcomments&post=184"}],"version-history":[{"count":2,"href":"https:\/\/kgv-kleefeld.de\/index.php?rest_route=\/wp\/v2\/pages\/184\/revisions"}],"predecessor-version":[{"id":194,"href":"https:\/\/kgv-kleefeld.de\/index.php?rest_route=\/wp\/v2\/pages\/184\/revisions\/194"}],"wp:attachment":[{"href":"https:\/\/kgv-kleefeld.de\/index.php?rest_route=%2Fwp%2Fv2%2Fmedia&parent=184"}],"curies":[{"name":"wp","href":"https:\/\/api.w.org\/{rel}","templated":true}]}}