{"id":17,"date":"2022-04-29T08:01:39","date_gmt":"2022-04-29T08:01:39","guid":{"rendered":"https:\/\/kgv-kleefeld.de\/?page_id=17"},"modified":"2025-03-16T14:10:34","modified_gmt":"2025-03-16T13:10:34","slug":"stromgesellschaft","status":"publish","type":"page","link":"https:\/\/kgv-kleefeld.de\/?page_id=17","title":{"rendered":"Stromgesellschaft"},"content":{"rendered":"\n<p>Die Stromgesellschaft des KGV Kleefeld GbR sorgt f\u00fcr die elektrische Versorgung der Kleing\u00e4rten, den Erhalt der Leitungen und rechnet j\u00e4hrlich die Verbr\u00e4uche ab.<br>Die Stromgesellschaft ist unter&nbsp;&nbsp; <a href=\"mailto:stromgesellschaft@kgv-kleefeld.de\">stromgesellschaft[at]kgv-kleefeld.de<\/a> erreichbar und wird durch die von den Gesellschaftern gew\u00e4hlten Gesch\u00e4ftsf\u00fchrer vertreten:<\/p>\n\n\n\n<pre class=\"wp-block-preformatted\"><br>Christa Sandvoss-Petersen<br>kaufm\u00e4nnische Gesch\u00e4ftsf\u00fchrerin<br><strong>Tel:<\/strong> 0176\/ 633 44 910<br><strong>E-Mail:<\/strong> &lt;stromgesellschaft[at]kgv-kleefeld.de>   <br><em>zust\u00e4ndig f\u00fcr Verwaltung, Rechnungen und Finanzen<\/em><\/pre>\n\n\n\n<pre class=\"wp-block-preformatted\"><strong>Senol Selvi<\/strong><br>technischer Gesch\u00e4ftsf\u00fchrer&nbsp;&nbsp; <br>T<strong>el:<\/strong> 0176\/ 22 74 85 16<br><strong>E-Mail:<\/strong> &lt;stromgesellschaft[at]kgv-kleefeld.de&gt;<br><em>zust\u00e4ndig bei Stromausf\u00e4llen und technischen Problemen<\/em><\/pre>\n\n\n\n<p><\/p>\n","protected":false},"excerpt":{"rendered":"<p>Die Stromgesellschaft des KGV Kleefeld GbR sorgt f\u00fcr die elektrische Versorgung der Kleing\u00e4rten, den Erhalt der Leitungen und rechnet j\u00e4hrlich die Verbr\u00e4uche ab.Die Stromgesellschaft ist unter&nbsp;&nbsp; stromgesellschaft[at]kgv-kleefeld.de erreichbar und wird durch die von den Gesellschaftern gew\u00e4hlten Gesch\u00e4ftsf\u00fchrer vertreten: Christa Sandvoss-Petersenkaufm\u00e4nnische Gesch\u00e4ftsf\u00fchrerinTel: 0176\/ 633 44 910E-Mail:&nbsp;<a class=\"read-more\" href=\"https:\/\/kgv-kleefeld.de\/?page_id=17\">&hellip;<\/a><\/p>\n","protected":false},"author":1,"featured_media":0,"parent":0,"menu_order":0,"comment_status":"closed","ping_status":"closed","template":"","meta":{"footnotes":""},"class_list":["post-17","page","type-page","status-publish","hentry"],"_links":{"self":[{"href":"https:\/\/kgv-kleefeld.de\/index.php?rest_route=\/wp\/v2\/pages\/17","targetHints":{"allow":["GET"]}}],"collection":[{"href":"https:\/\/kgv-kleefeld.de\/index.php?rest_route=\/wp\/v2\/pages"}],"about":[{"href":"https:\/\/kgv-kleefeld.de\/index.php?rest_route=\/wp\/v2\/types\/page"}],"author":[{"embeddable":true,"href":"https:\/\/kgv-kleefeld.de\/index.php?rest_route=\/wp\/v2\/users\/1"}],"replies":[{"embeddable":true,"href":"https:\/\/kgv-kleefeld.de\/index.php?rest_route=%2Fwp%2Fv2%2Fcomments&post=17"}],"version-history":[{"count":9,"href":"https:\/\/kgv-kleefeld.de\/index.php?rest_route=\/wp\/v2\/pages\/17\/revisions"}],"predecessor-version":[{"id":430,"href":"https:\/\/kgv-kleefeld.de\/index.php?rest_route=\/wp\/v2\/pages\/17\/revisions\/430"}],"wp:attachment":[{"href":"https:\/\/kgv-kleefeld.de\/index.php?rest_route=%2Fwp%2Fv2%2Fmedia&parent=17"}],"curies":[{"name":"wp","href":"https:\/\/api.w.org\/{rel}","templated":true}]}}