{"id":136,"date":"2022-05-20T17:52:28","date_gmt":"2022-05-20T17:52:28","guid":{"rendered":"https:\/\/kgv-kleefeld.de\/?page_id=136"},"modified":"2024-01-24T20:28:26","modified_gmt":"2024-01-24T19:28:26","slug":"jaegerlust","status":"publish","type":"page","link":"https:\/\/kgv-kleefeld.de\/?page_id=136","title":{"rendered":"J\u00e4gerlust"},"content":{"rendered":"\n<p>Die Kolonie &#8220;J\u00e4gerlust&#8221; erstreckt sich entlang der Kleestra\u00dfe n\u00f6rdlich des Radweges List &#8211; Roderbruch.<\/p>\n\n\n\n<p>Kolonieleiter ist Adam Muschinski.<\/p>\n\n\n\n<div data-wp-interactive=\"core\/file\" class=\"wp-block-file\"><object data-wp-bind--hidden=\"!state.hasPdfPreview\" hidden class=\"wp-block-file__embed\" data=\"https:\/\/kgv-kleefeld.de\/wp-content\/uploads\/2022\/05\/PLAN-Jaegerlust.pdf\" type=\"application\/pdf\" style=\"width:100%;height:600px\" aria-label=\"Einbettung von PLAN-Jaegerlust.\"><\/object><a id=\"wp-block-file--media-05cc975a-b966-455b-94b9-bf06ceef0731\" href=\"https:\/\/kgv-kleefeld.de\/wp-content\/uploads\/2022\/05\/PLAN-Jaegerlust.pdf\">PLAN-Jaegerlust<\/a><a href=\"https:\/\/kgv-kleefeld.de\/wp-content\/uploads\/2022\/05\/PLAN-Jaegerlust.pdf\" class=\"wp-block-file__button wp-element-button\" download aria-describedby=\"wp-block-file--media-05cc975a-b966-455b-94b9-bf06ceef0731\">Herunterladen<\/a><\/div>\n","protected":false},"excerpt":{"rendered":"<p>Die Kolonie &#8220;J\u00e4gerlust&#8221; erstreckt sich entlang der Kleestra\u00dfe n\u00f6rdlich des Radweges List &#8211; Roderbruch. Kolonieleiter ist Adam Muschinski.<\/p>\n","protected":false},"author":1,"featured_media":0,"parent":0,"menu_order":0,"comment_status":"closed","ping_status":"closed","template":"","meta":{"footnotes":""},"class_list":["post-136","page","type-page","status-publish","hentry"],"_links":{"self":[{"href":"https:\/\/kgv-kleefeld.de\/index.php?rest_route=\/wp\/v2\/pages\/136","targetHints":{"allow":["GET"]}}],"collection":[{"href":"https:\/\/kgv-kleefeld.de\/index.php?rest_route=\/wp\/v2\/pages"}],"about":[{"href":"https:\/\/kgv-kleefeld.de\/index.php?rest_route=\/wp\/v2\/types\/page"}],"author":[{"embeddable":true,"href":"https:\/\/kgv-kleefeld.de\/index.php?rest_route=\/wp\/v2\/users\/1"}],"replies":[{"embeddable":true,"href":"https:\/\/kgv-kleefeld.de\/index.php?rest_route=%2Fwp%2Fv2%2Fcomments&post=136"}],"version-history":[{"count":2,"href":"https:\/\/kgv-kleefeld.de\/index.php?rest_route=\/wp\/v2\/pages\/136\/revisions"}],"predecessor-version":[{"id":354,"href":"https:\/\/kgv-kleefeld.de\/index.php?rest_route=\/wp\/v2\/pages\/136\/revisions\/354"}],"wp:attachment":[{"href":"https:\/\/kgv-kleefeld.de\/index.php?rest_route=%2Fwp%2Fv2%2Fmedia&parent=136"}],"curies":[{"name":"wp","href":"https:\/\/api.w.org\/{rel}","templated":true}]}}