{"id":12,"date":"2022-04-29T08:01:38","date_gmt":"2022-04-29T08:01:38","guid":{"rendered":"https:\/\/kgv-kleefeld.de\/?page_id=12"},"modified":"2024-04-14T17:42:45","modified_gmt":"2024-04-14T15:42:45","slug":"garten-pachten","status":"publish","type":"page","link":"https:\/\/kgv-kleefeld.de\/?page_id=12","title":{"rendered":"Garten pachten"},"content":{"rendered":"\n<p><strong><strong><strong>Der Ablauf:<\/strong><\/strong><\/strong><\/p>\n\n\n\n<p>Um einen Garten pachten zu k\u00f6nnen, m\u00fcssen sich Interessierte zun\u00e4chst mit dem Bewerberformular bewerben. Sie werden nach Eingang des Formulars in die Bewerberliste aufgenommen und angesprochen, sobald ein Garten zur Verf\u00fcgung steht. Nach einem pers\u00f6nlichem Kennenlernen mit dem Vorstand bei einer Sprechstunde (am 2. Mittwoch im Monat zwischen 18 und 20 Uhr) und Kl\u00e4rung aller offenen Fragen, kann dann der Garten umgeschrieben werden.<\/p>\n\n\n\n<p><\/p>\n\n\n\n<pre class=\"wp-block-preformatted\">                                          <\/pre>\n\n\n\n<p><strong>Die Kosten:<\/strong><\/p>\n\n\n\n<p>Neben der Pacht f\u00fcr den Garten, die z.Zt. 0,50 \u20ac pro m\u00b2 betr\u00e4gt, fallen folgende j\u00e4hrliche Kosten an:<\/p>\n\n\n\n<div class=\"wp-block-columns is-layout-flex wp-container-core-columns-is-layout-9d6595d7 wp-block-columns-is-layout-flex\">\n<div class=\"wp-block-column is-layout-flow wp-block-column-is-layout-flow\" style=\"flex-basis:66.66%\">\n<p>Beitrag KGV    <\/p>\n\n\n\n<p>Beitrag Bezirksverband<\/p>\n\n\n\n<p>Versicherung (Feuer-, Einbruch-, Diebstahl- und Sturmversicherung<\/p>\n\n\n\n<p>Unfallversicherung<\/p>\n\n\n\n<p><\/p>\n\n\n\n<hr class=\"wp-block-separator has-css-opacity\"\/>\n\n\n\n<p><strong>Einmalig <\/strong>f\u00fcr die Umschreibung<\/p>\n<\/div>\n\n\n\n<div class=\"wp-block-column is-layout-flow wp-block-column-is-layout-flow\" style=\"flex-basis:33.33%\">\n<p>40,00 \u20ac<\/p>\n\n\n\n<p>30,00 \u20ac<\/p>\n\n\n\n<p>98,00 \u20ac<\/p>\n\n\n\n<p>  3,10 \u20ac<\/p>\n\n\n\n<p><\/p>\n\n\n\n<hr class=\"wp-block-separator has-css-opacity\"\/>\n\n\n\n<p>110,00 \u20ac<\/p>\n<\/div>\n<\/div>\n\n\n\n<p><\/p>\n\n\n\n<p><\/p>\n\n\n\n<p><\/p>\n\n\n\n<p><strong>Das Formular f\u00fcr Ihre Bewerbung<\/strong>:<\/p>\n\n\n\n<p>Bitte vollst\u00e4ndig ausgef\u00fcllt und unterschrieben in dem Briefkasten am Vereinshaus einwerfen oder per Mail an info[at]kgv-kleefeld.de<\/p>\n\n\n\n<div data-wp-interactive=\"core\/file\" class=\"wp-block-file\"><object data-wp-bind--hidden=\"!state.hasPdfPreview\" hidden class=\"wp-block-file__embed\" data=\"https:\/\/kgv-kleefeld.de\/wp-content\/uploads\/2022\/05\/Bewerbung_um_einen_Kleingarten.pdf\" type=\"application\/pdf\" style=\"width:100%;height:600px\" aria-label=\"Einbettung von Bewerbung_um_einen_Kleingarten.\"><\/object><a id=\"wp-block-file--media-2497a30d-b9d0-413f-ab73-7bf83405f1bb\" href=\"https:\/\/kgv-kleefeld.de\/wp-content\/uploads\/2022\/05\/Bewerbung_um_einen_Kleingarten.pdf\">Bewerbung_um_einen_Kleingarten<\/a><a href=\"https:\/\/kgv-kleefeld.de\/wp-content\/uploads\/2022\/05\/Bewerbung_um_einen_Kleingarten.pdf\" class=\"wp-block-file__button wp-element-button\" download aria-describedby=\"wp-block-file--media-2497a30d-b9d0-413f-ab73-7bf83405f1bb\">Herunterladen<\/a><\/div>\n\n\n\n<p><\/p>\n\n\n\n<p>Nachfolgend finden Sie den Pachtvertrag und den Gesellschaftervertrag der Stromgesellschaft. Beide Vertr\u00e4ge werden bei der Umschreibung unterschrieben.<\/p>\n\n\n\n<div data-wp-interactive=\"core\/file\" class=\"wp-block-file\"><object data-wp-bind--hidden=\"!state.hasPdfPreview\" hidden class=\"wp-block-file__embed\" data=\"https:\/\/kgv-kleefeld.de\/wp-content\/uploads\/2022\/05\/Kleingartenpachtvertrag-MUSTER.pdf\" type=\"application\/pdf\" style=\"width:100%;height:600px\" aria-label=\"Einbettung von Kleingartenpachtvertrag-MUSTER.\"><\/object><a id=\"wp-block-file--media-155ae0ff-8449-4581-9e03-c2cdf8baa6a8\" href=\"https:\/\/kgv-kleefeld.de\/wp-content\/uploads\/2022\/05\/Kleingartenpachtvertrag-MUSTER.pdf\">Kleingartenpachtvertrag-MUSTER<\/a><a href=\"https:\/\/kgv-kleefeld.de\/wp-content\/uploads\/2022\/05\/Kleingartenpachtvertrag-MUSTER.pdf\" class=\"wp-block-file__button wp-element-button\" download aria-describedby=\"wp-block-file--media-155ae0ff-8449-4581-9e03-c2cdf8baa6a8\">Herunterladen<\/a><\/div>\n\n\n\n<div data-wp-interactive=\"core\/file\" class=\"wp-block-file\"><object data-wp-bind--hidden=\"!state.hasPdfPreview\" hidden class=\"wp-block-file__embed\" data=\"https:\/\/kgv-kleefeld.de\/wp-content\/uploads\/2022\/05\/Gesellschaftervertrag-Stromgesellschaft-MUSTER.pdf\" type=\"application\/pdf\" style=\"width:100%;height:600px\" aria-label=\"Einbettung von Gesellschaftervertrag-Stromgesellschaft-MUSTER.\"><\/object><a id=\"wp-block-file--media-0ec5c144-aebb-4b11-82e6-b5e71db191db\" href=\"https:\/\/kgv-kleefeld.de\/wp-content\/uploads\/2022\/05\/Gesellschaftervertrag-Stromgesellschaft-MUSTER.pdf\">Gesellschaftervertrag-Stromgesellschaft-MUSTER<\/a><a href=\"https:\/\/kgv-kleefeld.de\/wp-content\/uploads\/2022\/05\/Gesellschaftervertrag-Stromgesellschaft-MUSTER.pdf\" class=\"wp-block-file__button wp-element-button\" download aria-describedby=\"wp-block-file--media-0ec5c144-aebb-4b11-82e6-b5e71db191db\">Herunterladen<\/a><\/div>\n","protected":false},"excerpt":{"rendered":"<p>Der Ablauf: Um einen Garten pachten zu k\u00f6nnen, m\u00fcssen sich Interessierte zun\u00e4chst mit dem Bewerberformular bewerben. Sie werden nach Eingang des Formulars in die Bewerberliste aufgenommen und angesprochen, sobald ein Garten zur Verf\u00fcgung steht. Nach einem pers\u00f6nlichem Kennenlernen mit dem Vorstand bei einer Sprechstunde (am&nbsp;<a class=\"read-more\" href=\"https:\/\/kgv-kleefeld.de\/?page_id=12\">&hellip;<\/a><\/p>\n","protected":false},"author":1,"featured_media":0,"parent":0,"menu_order":0,"comment_status":"closed","ping_status":"closed","template":"","meta":{"footnotes":""},"class_list":["post-12","page","type-page","status-publish","hentry"],"_links":{"self":[{"href":"https:\/\/kgv-kleefeld.de\/index.php?rest_route=\/wp\/v2\/pages\/12","targetHints":{"allow":["GET"]}}],"collection":[{"href":"https:\/\/kgv-kleefeld.de\/index.php?rest_route=\/wp\/v2\/pages"}],"about":[{"href":"https:\/\/kgv-kleefeld.de\/index.php?rest_route=\/wp\/v2\/types\/page"}],"author":[{"embeddable":true,"href":"https:\/\/kgv-kleefeld.de\/index.php?rest_route=\/wp\/v2\/users\/1"}],"replies":[{"embeddable":true,"href":"https:\/\/kgv-kleefeld.de\/index.php?rest_route=%2Fwp%2Fv2%2Fcomments&post=12"}],"version-history":[{"count":10,"href":"https:\/\/kgv-kleefeld.de\/index.php?rest_route=\/wp\/v2\/pages\/12\/revisions"}],"predecessor-version":[{"id":371,"href":"https:\/\/kgv-kleefeld.de\/index.php?rest_route=\/wp\/v2\/pages\/12\/revisions\/371"}],"wp:attachment":[{"href":"https:\/\/kgv-kleefeld.de\/index.php?rest_route=%2Fwp%2Fv2%2Fmedia&parent=12"}],"curies":[{"name":"wp","href":"https:\/\/api.w.org\/{rel}","templated":true}]}}